{"id":171,"date":"2021-09-27T15:14:02","date_gmt":"2021-09-27T15:14:02","guid":{"rendered":"http:\/\/geovanahirata.com.br\/?page_id=171"},"modified":"2021-11-03T23:41:32","modified_gmt":"2021-11-03T23:41:32","slug":"contato","status":"publish","type":"page","link":"https:\/\/geovanahirata.com.br\/index.php\/contato\/","title":{"rendered":"Contact"},"content":{"rendered":"<h3>Entrar em contato<\/h3>\n<h2>Nossos contatos<\/h2>\n<p>\t\t\t\t\t\t\t\t\t\t\t\t\t\t\t<img decoding=\"async\" width=\"426\" height=\"20\" src=\"https:\/\/geovanahirata.com.br\/wp-content\/uploads\/2021\/09\/underline.png\" alt=\"\" loading=\"lazy\" srcset=\"https:\/\/geovanahirata.com.br\/wp-content\/uploads\/2021\/09\/underline.png 426w, https:\/\/geovanahirata.com.br\/wp-content\/uploads\/2021\/09\/underline-300x14.png 300w\" sizes=\"auto, (max-width: 426px) 100vw, 426px\" \/>\t\t\t\t\t\t\t\t\t\t\t\t\t\t\t<\/p>\n<p>Ser\u00e1 um prazer receber voc\u00ea e sua familia.<\/p>\n<ul>\n<li>\n\t\t\t\t\t\t\t\t\t\t\t<a href=\"#\"><br \/>\n\t\t\t\t\t\t\t\t\t\t<b>Dra:<\/b>  Geovana Hirata<br \/>\n\t\t\t\t\t\t\t\t\t\t\t<\/a>\n\t\t\t\t\t\t\t\t\t<\/li>\n<li>\n\t\t\t\t\t\t\t\t\t\t\t<a href=\"#\"><br \/>\n\t\t\t\t\t\t\t\t\t\t<b>Telefone:<\/b> (11) 94036-6583 \/ (11) 2659-4223<br \/>\n\t\t\t\t\t\t\t\t\t\t\t<\/a>\n\t\t\t\t\t\t\t\t\t<\/li>\n<li>\n\t\t\t\t\t\t\t\t\t\t\t<a href=\"#\"><br \/>\n\t\t\t\t\t\t\t\t\t\t<b>Email:<\/b> contato@geovanahirata.com.br<br \/>\n\t\t\t\t\t\t\t\t\t\t\t<\/a>\n\t\t\t\t\t\t\t\t\t<\/li>\n<li>\n\t\t\t\t\t\t\t\t\t\t\t<a href=\"#\"><br \/>\n\t\t\t\t\t\t\t\t\t\t<b>Localiza\u00e7\u00e3o:<\/b> R. Dr. Veiga Filho, 350 &#8211; Conj. 606 &#8211; Santa Cecilia, S\u00e3o Paulo &#8211; SP, 01229-001<br \/>\n\t\t\t\t\t\t\t\t\t\t\t<\/a>\n\t\t\t\t\t\t\t\t\t<\/li>\n<\/ul>\n<p>\t\t\t\t\t<a href=\"https:\/\/api.whatsapp.com\/send\/?phone=5511940366583&#038;text=Ol%C3%A1%2C+gostaria+de+agendar+uma+consulta.&#038;app_absent=0\" target=\"_blank\" rel=\"noopener\"><br \/>\n\t\t\t\t\t\tWhatsapp<br \/>\n\t\t\t\t\t\t\t\t\t\t\t<\/a><br \/>\n\t\t\t\t\t<a href=\"https:\/\/instagram.com\/geovanahirata?utm_medium=copy_link\" target=\"_blank\" rel=\"noopener\"><br \/>\n\t\t\t\t\t\tInstagram<br \/>\n\t\t\t\t\t\t\t\t\t\t\t<\/a><\/p>\n<h3>envie-nos um<\/h3>\n<h2>email<\/h2>\n<p>\t\t\t\t\t\t\t\t\t\t\t\t\t\t\t<img decoding=\"async\" width=\"426\" height=\"20\" src=\"https:\/\/geovanahirata.com.br\/wp-content\/uploads\/2021\/09\/underline-blue.png\" alt=\"\" loading=\"lazy\" srcset=\"https:\/\/geovanahirata.com.br\/wp-content\/uploads\/2021\/09\/underline-blue.png 426w, https:\/\/geovanahirata.com.br\/wp-content\/uploads\/2021\/09\/underline-blue-300x14.png 300w\" sizes=\"auto, (max-width: 426px) 100vw, 426px\" \/>\t\t\t\t\t\t\t\t\t\t\t\t\t\t\t<\/p>\n<h2>LOCALIZA\u00c7\u00c3O<\/h2>\n<p>Rua Doutor Veiga Filho, 350 &#8211; Conj. 606 &#8211; Santa Cec\u00edlia, S\u00e3o Paulo &#8211; CEP 01229-001<\/p>\n<p>\t\t\t<iframe frameborder=\"0\" scrolling=\"no\" marginheight=\"0\" marginwidth=\"0\"\n\t\t\t\t\tsrc=\"https:\/\/maps.google.com\/maps?q=Rua%20Doutor%20Veiga%20Filho%2C%20350&#038;t=m&#038;z=14&#038;output=embed&#038;iwloc=near\"\n\t\t\t\t\ttitle=\"Rua Doutor Veiga Filho, 350\"\n\t\t\t\t\taria-label=\"Rua Doutor Veiga Filho, 350\"\n\t\t\t><\/iframe><\/p>\n","protected":false},"excerpt":{"rendered":"<p>Entrar em contato Nossos contatos Ser\u00e1 um prazer receber voc\u00ea e sua familia. Dra: Geovana Hirata Telefone: (11) 94036-6583 \/ (11) 2659-4223 Email: contato@geovanahirata.com.br Localiza\u00e7\u00e3o: R. Dr. Veiga Filho, 350 &#8211; Conj. 606 &#8211; Santa Cecilia, S\u00e3o Paulo &#8211; SP, 01229-001 Whatsapp Instagram envie-nos um email LOCALIZA\u00c7\u00c3O Rua Doutor Veiga Filho, 350 &#8211; Conj. 606 [&hellip;]<\/p>\n","protected":false},"author":1,"featured_media":0,"parent":0,"menu_order":0,"comment_status":"closed","ping_status":"closed","template":"","meta":{"footnotes":""},"class_list":["post-171","page","type-page","status-publish","hentry"],"_links":{"self":[{"href":"https:\/\/geovanahirata.com.br\/index.php\/wp-json\/wp\/v2\/pages\/171","targetHints":{"allow":["GET"]}}],"collection":[{"href":"https:\/\/geovanahirata.com.br\/index.php\/wp-json\/wp\/v2\/pages"}],"about":[{"href":"https:\/\/geovanahirata.com.br\/index.php\/wp-json\/wp\/v2\/types\/page"}],"author":[{"embeddable":true,"href":"https:\/\/geovanahirata.com.br\/index.php\/wp-json\/wp\/v2\/users\/1"}],"replies":[{"embeddable":true,"href":"https:\/\/geovanahirata.com.br\/index.php\/wp-json\/wp\/v2\/comments?post=171"}],"version-history":[{"count":74,"href":"https:\/\/geovanahirata.com.br\/index.php\/wp-json\/wp\/v2\/pages\/171\/revisions"}],"predecessor-version":[{"id":588,"href":"https:\/\/geovanahirata.com.br\/index.php\/wp-json\/wp\/v2\/pages\/171\/revisions\/588"}],"wp:attachment":[{"href":"https:\/\/geovanahirata.com.br\/index.php\/wp-json\/wp\/v2\/media?parent=171"}],"curies":[{"name":"wp","href":"https:\/\/api.w.org\/{rel}","templated":true}]}}